{"id":201,"date":"2016-07-16T16:50:30","date_gmt":"2016-07-16T16:50:30","guid":{"rendered":"http:\/\/pioneers-summerfun.de\/?page_id=201"},"modified":"2024-07-28T13:06:32","modified_gmt":"2024-07-28T13:06:32","slug":"spielordnung","status":"publish","type":"page","link":"https:\/\/pioneers-summerfun.de\/?page_id=201","title":{"rendered":"Spielordnung"},"content":{"rendered":"<p><strong>Das Team:<br \/>\n<\/strong>Jedes Team besteht aus 9 Spieler\/-innen und beliebig vielen Einwechselspielern\/-innen. Bei den Spielen sind mindestens 2 Damen bzw. 2 Herren auf dem Spielfeld.<\/p>\n<p><strong>Antreten:<br \/>\n<\/strong>Alle Teams sind aufgerufen p\u00fcnktlich zu den Spielen anzutreten. Sollte ein Team 10 Minuten nach offiziellem Spielbeginn nicht spielbereit sein, so wird das Spiel f\u00fcr die nicht angetretene Mannschaft als verloren gewertet.<\/p>\n<p><strong>Vorrundenspiele am Samstag:<\/strong><\/p>\n<p>Die Spielzeit betr\u00e4gt max. 50 Minuten. Nach <strong>40 Minuten<\/strong> wird kein neues Inning mehr begonnen. Nach 50 Minuten wird das Spiel abgebrochen. Gewertet wird der Spielstand nach dem letzten komplett gespielten Inning.<\/p>\n<p><strong>Wertung Vorrunde:<\/strong><\/p>\n<p>Die Vorrundenplatzierung ergibt sich aus den gewonnenen Spielen. Das Siegerteam bekommt 3 Punkte, bei Unentschieden bekommt jedes Team 1 Punkt. Bei Gleichstand wird wie folgt ermittelt: 1.) direkter Vergleich 2.) weniger Gegenruns 3.) mehr erlaufene Runs 4.) Losentscheid.<\/p>\n<p><strong>Platzierungs- und Finalspiele<\/strong><\/p>\n<p>Die Spielzeit betr\u00e4gt <strong>60 Minuten<\/strong>. Nach 50 Minuten wird kein neues Inning mehr begonnen. Bei den Platzierungsspielen wird das letzte Inning, das vor den 50 Minuten begonnen hat und zu diesem Zeitpunkt unentschieden stand, zu Ende gespielt. Bei eventuell erneutem Gleichstand, wird ein weiteres Inning &#8211; mit L\u00e4ufer auf 2nd Base &#8211; gespielt.<\/p>\n<p><strong>\u00a0<\/strong>Das <strong>Finalspiel <\/strong>geht \u00fcber 7 Innings oder max. 90 Minuten. Ein angefangenes Inning muss zu Ende gespielt werden. 5 Minuten vor dem offiziellen Spielende wird kein neues Inning mehr begonnen. Falls am Ende der offiziellen Spielzeit kein Sieger feststeht, wird so lange weitergespielt, bis ein Sieger feststeht. Die Mannschaften haben beim Inning-Wechsel das Spielfeld z\u00fcgig zu verlassen und zu betreten.<\/p>\n<p><strong>Zeitplan:<\/strong><\/p>\n<p>Der Zeitplan muss unbedingt eingehalten werden, um s\u00e4mtliche Spiele des Turniers durchf\u00fchren zu k\u00f6nnen. Verz\u00f6gerungen gehen zu Lasten der Spielzeit. Das hei\u00dft, ein zu sp\u00e4ter Beginn reduziert die angesetzte Spielzeit von 50 \/ 60 Minuten (ausgenommen ist das Finale)<strong>. Die Spielzeit wird nicht nach hinten geschoben!<\/strong><\/p>\n<p><strong>Umpire:<\/strong><\/p>\n<p>Jedes Team stellt zwei Umpire zur Verf\u00fcgung. Die Einteilung der Umpire nimmt die Turnierleitung vor Beginn des Turniers vor.\u00a0Der Umpireplan liegt der Turniermappe bei. <strong>Die Umpire sind ebenfalls f\u00fcr die Zeitnahme bei den Spielen verantwortlich.<\/strong><\/p>\n<p><strong>Spielb\u00e4lle:<\/strong><\/p>\n<p>Die Heimmannschaft stellt die Spielb\u00e4lle (1\/2 dz.) zur Verf\u00fcgung. Diese sind jeweils direkt vor Spielbeginn beim Plate-Umpire abzugeben. Es ist darauf zu achten, dass die restlichen bzw. gebrauchten B\u00e4lle wieder eingesammelt werden. Offizielle DBV Spielb\u00e4lle sind nicht erforderlich. <strong>Der Veranstalter stellt keine B\u00e4lle zur Verf\u00fcgung.<\/strong><\/p>\n<p><strong>Scoring:<\/strong><\/p>\n<p>Es wird vereinfacht vom Heim-Team gescored. <strong>Festzuhalten sind Runs, Hits (H), Base On Balls (BB), und Strike Outs (K).<\/strong> Es wird ein gesondertes Formular verwendet, das der Turniermappe beiliegt. <strong>Bitte nur dieses verwenden! Die B\u00f6gen sind <em><u>umgehend<\/u><\/em> nach Spielende bei der Turnierleitung abzugeben, damit der Spielplan f\u00fcr den Sonntag erstellt werden kann und den Teams m\u00f6glichst noch vor der Abendveranstaltung zugehen kann.<\/strong><\/p>\n<p><strong>5-Run-Regel:<\/strong><\/p>\n<p>Hier findet die 5-Punkte-Regel Anwendung. D.h. wenn eine Mannschaft f\u00fcnf Runs in einem Inning erzielt hat, wechselt das Angriffsrecht, unabh\u00e4ngig davon wie viele Aus die verteidigende Mannschaft schon erzielt hat. Es k\u00f6nnen in einem Inning nicht mehr als 5 Punkte erzielt werden. <strong>Eine Ten-Run-Rule gibt es nicht!<\/strong><\/p>\n<p><strong>\u00a0<\/strong><strong>\u00a0<\/strong><strong>Zum Schluss:<\/strong><\/p>\n<p>&nbsp;<\/p>\n<ul>\n<li>Sliding ist in allen Varianten erlaubt, jedoch wird absichtlicher Kontakt als ein Out gewertet!<\/li>\n<li>Metal Cleats (Alu\/Metall) sind in jeglicher Form verboten!<\/li>\n<\/ul>\n<p><strong>Turnierleitung:<\/strong><\/p>\n<p>Ausschlie\u00dflich die Turnierleitung hat das Recht und die M\u00f6glichkeit kurzfristige Entscheidungen und Entscheidungen zu strittigen Fragen verbindlich zu treffen und durchzusetzen. Aufgrund von unvorhersehbaren Verz\u00f6gerungen hat das Turniermanagement die M\u00f6glichkeit kurzfristig den Zeit- und Turnierplan umzustellen. Den Entscheidungen ist unbedingt Folge zu leisten. Ein Einspruch ist nicht m\u00f6glich.<\/p>\n","protected":false},"excerpt":{"rendered":"<p>Das Team: Jedes Team besteht aus 9 Spieler\/-innen und beliebig vielen Einwechselspielern\/-innen. Bei den Spielen sind mindestens 2 Damen bzw.[&#8230;]<\/p>\n","protected":false},"author":1,"featured_media":0,"parent":0,"menu_order":0,"comment_status":"closed","ping_status":"closed","template":"","meta":{"footnotes":""},"class_list":["post-201","page","type-page","status-publish","hentry"],"_links":{"self":[{"href":"https:\/\/pioneers-summerfun.de\/index.php?rest_route=\/wp\/v2\/pages\/201"}],"collection":[{"href":"https:\/\/pioneers-summerfun.de\/index.php?rest_route=\/wp\/v2\/pages"}],"about":[{"href":"https:\/\/pioneers-summerfun.de\/index.php?rest_route=\/wp\/v2\/types\/page"}],"author":[{"embeddable":true,"href":"https:\/\/pioneers-summerfun.de\/index.php?rest_route=\/wp\/v2\/users\/1"}],"replies":[{"embeddable":true,"href":"https:\/\/pioneers-summerfun.de\/index.php?rest_route=%2Fwp%2Fv2%2Fcomments&post=201"}],"version-history":[{"count":6,"href":"https:\/\/pioneers-summerfun.de\/index.php?rest_route=\/wp\/v2\/pages\/201\/revisions"}],"predecessor-version":[{"id":559,"href":"https:\/\/pioneers-summerfun.de\/index.php?rest_route=\/wp\/v2\/pages\/201\/revisions\/559"}],"wp:attachment":[{"href":"https:\/\/pioneers-summerfun.de\/index.php?rest_route=%2Fwp%2Fv2%2Fmedia&parent=201"}],"curies":[{"name":"wp","href":"https:\/\/api.w.org\/{rel}","templated":true}]}}