{"id":374,"date":"2018-07-21T19:35:56","date_gmt":"2018-07-21T19:35:56","guid":{"rendered":"http:\/\/pioneers-summerfun.de\/?page_id=374"},"modified":"2018-07-21T19:40:20","modified_gmt":"2018-07-21T19:40:20","slug":"374-2","status":"publish","type":"page","link":"https:\/\/pioneers-summerfun.de\/?page_id=374","title":{"rendered":"Tita-Nics bei\u00dfen den n\u00e4chsten Cup an &#8211; 4:0 im Finale gegen Frankfurt"},"content":{"rendered":"<p><span style=\"font-size: 12pt; font-family: verdana, geneva, sans-serif;\">Die Soest Tita-Nics gewannen am vorletzten Wochenende zum 4. Mal das Mixed Softball Turnier der Hevensen Pioneers. Wie schon im Jahr zuvor\u00a0 trafen die Ostwestfalen im Finale auf die LSG Lufthansa Frankfurt. Soest gewannen dank der besseren Schlagleistung mit 4:0. Den dritten Platz belegten die Samacols aus Kerkrade. Die Niederl\u00e4nder setzten sich im &#8222;Kleinen Finale&#8220; glatt mit 7:1 gegen die M\u00fcnster Roadrunners durch.<\/span><\/p>\n<p><a href=\"https:\/\/pioneers-summerfun.de\/wp-content\/uploads\/2018\/07\/IMG_1876.jpg\" rel=\"lightbox[374]\"><img loading=\"lazy\" decoding=\"async\" class=\"aligncenter wp-image-376 size-full\" src=\"https:\/\/pioneers-summerfun.de\/wp-content\/uploads\/2018\/07\/IMG_1876.jpg\" alt=\"\" width=\"900\" height=\"600\" srcset=\"https:\/\/pioneers-summerfun.de\/wp-content\/uploads\/2018\/07\/IMG_1876.jpg 900w, https:\/\/pioneers-summerfun.de\/wp-content\/uploads\/2018\/07\/IMG_1876-600x400.jpg 600w, https:\/\/pioneers-summerfun.de\/wp-content\/uploads\/2018\/07\/IMG_1876-768x512.jpg 768w, https:\/\/pioneers-summerfun.de\/wp-content\/uploads\/2018\/07\/IMG_1876-624x416.jpg 624w\" sizes=\"(max-width: 900px) 100vw, 900px\" \/><\/a><\/p>\n<p><span style=\"font-size: 12pt; font-family: verdana, geneva, sans-serif;\">Zehn Mixed Teams aus ganz Deutschland, der Schweiz und den Niederlanden traten am 14. und 15. Juli im Karl Hartje Ballpark zum 28. Sommer Turnier des BSV Hevensen an. Die Vorrunde wurde am Samstag ausgetragen. W\u00e4hrend es in der Gruppe A beim Halbfinaleinzug der Teams aus Soest und Kerkrade kaum etwas zu rechnen gab wurde es in der Gruppe B knapp. Drei Teams lagen mit 3-1 Siegen gleichauf. Auch der direkte Vergleich war ausgeglichen, so dass die negativen Runs herangezogen. Da die Samacols und Paderborn je 21 Gegenruns kassierten mussten die Positivruns entscheiden. Hier konnten die Niederl\u00e4nder drei Runs mehr verbuchen. Somit zogen die LSG Lufthansa und die Samacols in die Runde der letzten Vier ein. Alle 20 Vorrundenspiele gingen wie im Spielplan vorgesehen \u00fcber die B\u00fchne.<\/span><\/p>\n<p><span style=\"font-size: 12pt; font-family: verdana, geneva, sans-serif;\">Bei hei\u00dfem Sommerwetter ging es Sonntag p\u00fcnktlich um 09:30 Uhr in die Hauptrunde. Nach dem Spiel um Platz 9 gab es noch eine Zwischenrunde, sowie die Spiele um Platz 7 und 5. Im Halbfinale gab es in diesem Jahr keine \u00dcberraschung. Die Vorjahresfinalisten Soest (10:0 gegen Kerkrade) und Frankfurt (7:0 gegen M\u00fcnster) setzten sich souver\u00e4n durch. Im Anschluss siegten die Samacols aus den Niederlanden im Spiel um Platz 3 deutlich mit 7:1 gegen M\u00fcnster. Die 29. Partie des Wochenendes war dann das Finale zwischen Soest und Frankfurt. Beide Teams gingen trotz sengender Hitze hoch motiviert ins Spiel. Die Tita-Nics aus Soest konnten schnell mit 2:0 in F\u00fchrung gehen. Es entwickelte sich ein Duell der Verteidigungsreihen, bei dem die Westfalen die besseren Szenen hatten. Das Lufthansa Team konnte in der Offensive wenig ausrichten. Kurz vor Ende des Spiels legten die Soest Tita-Nics noch 2 Runs um 4:0 Endstand drauf. In der anschlie\u00dfenden Siegerehrung \u00fcberreichte BSV Vorsitzender Torsten Henne den &#8222;neuen&#8220; Warsteiner-Cup an die Sieger aus Soest. Die Ostwestfalen gewannen den Cup schon 2015, 2016 und 2017, so dass in diesem Jahr eine neue Troph\u00e4e gestiftet werden musste. Alle Teams erhielten eine Erinnerungsurkunde, sowie einen Kasten Bier der bekannten Privat Brauerei. Der Partypokal ging in diesem Jahr an das Team Samacols.<\/span><\/p>\n<p><img loading=\"lazy\" decoding=\"async\" class=\"aligncenter size-full wp-image-378\" src=\"https:\/\/pioneers-summerfun.de\/wp-content\/uploads\/2018\/07\/IMG_1882.jpg\" alt=\"\" width=\"900\" height=\"600\" srcset=\"https:\/\/pioneers-summerfun.de\/wp-content\/uploads\/2018\/07\/IMG_1882.jpg 900w, https:\/\/pioneers-summerfun.de\/wp-content\/uploads\/2018\/07\/IMG_1882-600x400.jpg 600w, https:\/\/pioneers-summerfun.de\/wp-content\/uploads\/2018\/07\/IMG_1882-768x512.jpg 768w, https:\/\/pioneers-summerfun.de\/wp-content\/uploads\/2018\/07\/IMG_1882-624x416.jpg 624w\" sizes=\"(max-width: 900px) 100vw, 900px\" \/><\/p>\n","protected":false},"excerpt":{"rendered":"<p>Die Soest Tita-Nics gewannen am vorletzten Wochenende zum 4. Mal das Mixed Softball Turnier der Hevensen Pioneers. Wie schon im[&#8230;]<\/p>\n","protected":false},"author":1,"featured_media":0,"parent":0,"menu_order":0,"comment_status":"closed","ping_status":"closed","template":"","meta":{"footnotes":""},"class_list":["post-374","page","type-page","status-publish","hentry"],"_links":{"self":[{"href":"https:\/\/pioneers-summerfun.de\/index.php?rest_route=\/wp\/v2\/pages\/374"}],"collection":[{"href":"https:\/\/pioneers-summerfun.de\/index.php?rest_route=\/wp\/v2\/pages"}],"about":[{"href":"https:\/\/pioneers-summerfun.de\/index.php?rest_route=\/wp\/v2\/types\/page"}],"author":[{"embeddable":true,"href":"https:\/\/pioneers-summerfun.de\/index.php?rest_route=\/wp\/v2\/users\/1"}],"replies":[{"embeddable":true,"href":"https:\/\/pioneers-summerfun.de\/index.php?rest_route=%2Fwp%2Fv2%2Fcomments&post=374"}],"version-history":[{"count":4,"href":"https:\/\/pioneers-summerfun.de\/index.php?rest_route=\/wp\/v2\/pages\/374\/revisions"}],"predecessor-version":[{"id":380,"href":"https:\/\/pioneers-summerfun.de\/index.php?rest_route=\/wp\/v2\/pages\/374\/revisions\/380"}],"wp:attachment":[{"href":"https:\/\/pioneers-summerfun.de\/index.php?rest_route=%2Fwp%2Fv2%2Fmedia&parent=374"}],"curies":[{"name":"wp","href":"https:\/\/api.w.org\/{rel}","templated":true}]}}