{"id":44,"date":"2015-03-20T14:10:44","date_gmt":"2015-03-20T14:10:44","guid":{"rendered":"http:\/\/pioneers-summerfun.de\/?page_id=44"},"modified":"2024-07-28T12:47:32","modified_gmt":"2024-07-28T12:47:32","slug":"die-party","status":"publish","type":"page","link":"https:\/\/pioneers-summerfun.de\/?page_id=44","title":{"rendered":"Die Party"},"content":{"rendered":"<p><span style=\"font-family: verdana, geneva, sans-serif; font-size: 18pt;\"><strong>Und wieder: \u00dc30-Party mit &#8222;dasdensch&#8220; &amp; dj|jp!<\/strong><\/span><\/p>\n<p><img loading=\"lazy\" decoding=\"async\" class=\"aligncenter size-full wp-image-512\" src=\"https:\/\/pioneers-summerfun.de\/wp-content\/uploads\/2023\/06\/AlohaHey.jpg\" alt=\"\" width=\"900\" height=\"600\" srcset=\"https:\/\/pioneers-summerfun.de\/wp-content\/uploads\/2023\/06\/AlohaHey.jpg 900w, https:\/\/pioneers-summerfun.de\/wp-content\/uploads\/2023\/06\/AlohaHey-600x400.jpg 600w, https:\/\/pioneers-summerfun.de\/wp-content\/uploads\/2023\/06\/AlohaHey-768x512.jpg 768w, https:\/\/pioneers-summerfun.de\/wp-content\/uploads\/2023\/06\/AlohaHey-624x416.jpg 624w\" sizes=\"(max-width: 900px) 100vw, 900px\" \/><\/p>\n<p><span style=\"font-family: verdana, geneva, sans-serif; font-size: 12pt;\">Nach einem langen Spieltag geht\u2019s zur Party. Zum Summerfun Turnier geh\u00f6rt in Hevensen immer eine gro\u00dfe Open-Air Party dazu. Somit laden wir . zur \u201e\u00dc30-Party\u201c ein. Das DJ-Team \u201edasdensch\u201c und \u201edj jp\u201c werden den Partyg\u00e4sten mit Hits aus den 70ern bis 90ern sowie dem \u201ebesten von heute\u201c wieder einheizen. Der Park des Dorfgemeinschaftshauses wird den G\u00e4sten ein sommerliches Partyambiente bieten. Zwei gro\u00dfe Delta-Segel vor der B\u00fchne werden f\u00fcr das richtige Open-Air-Flair sorgen und bieten zudem f\u00fcr Schutz, wenn es mal nass von oben wird. \u00a0Neben der traditionellen Bierinsel steht auch wieder die Longdrink- und Cocktailbar bereit. Auch Pommes, Grillwurst und frische Salate werden angeboten. Alles zu fairen Preisen. Die Party findet am 03.08. statt. Einlass ist um 20:00 Uhr &#8211; Partytime: 21:00 Uhr. Einen Vorverkauf gibt es nicht. F\u00fcr faire 8 EURO ist Man(n) &amp; Frau dabei.<\/span><\/p>\n<p><img loading=\"lazy\" decoding=\"async\" class=\"aligncenter size-full wp-image-414\" src=\"https:\/\/pioneers-summerfun.de\/wp-content\/uploads\/2019\/07\/20180715_001843.jpg\" alt=\"\" width=\"900\" height=\"600\" srcset=\"https:\/\/pioneers-summerfun.de\/wp-content\/uploads\/2019\/07\/20180715_001843.jpg 900w, https:\/\/pioneers-summerfun.de\/wp-content\/uploads\/2019\/07\/20180715_001843-600x400.jpg 600w, https:\/\/pioneers-summerfun.de\/wp-content\/uploads\/2019\/07\/20180715_001843-768x512.jpg 768w, https:\/\/pioneers-summerfun.de\/wp-content\/uploads\/2019\/07\/20180715_001843-624x416.jpg 624w\" sizes=\"(max-width: 900px) 100vw, 900px\" \/><\/p>\n<p>&nbsp;<\/p>\n","protected":false},"excerpt":{"rendered":"<p>Und wieder: \u00dc30-Party mit &#8222;dasdensch&#8220; &amp; dj|jp! Nach einem langen Spieltag geht\u2019s zur Party. Zum Summerfun Turnier geh\u00f6rt in Hevensen[&#8230;]<\/p>\n","protected":false},"author":1,"featured_media":0,"parent":0,"menu_order":0,"comment_status":"closed","ping_status":"closed","template":"","meta":{"footnotes":""},"class_list":["post-44","page","type-page","status-publish","hentry"],"_links":{"self":[{"href":"https:\/\/pioneers-summerfun.de\/index.php?rest_route=\/wp\/v2\/pages\/44"}],"collection":[{"href":"https:\/\/pioneers-summerfun.de\/index.php?rest_route=\/wp\/v2\/pages"}],"about":[{"href":"https:\/\/pioneers-summerfun.de\/index.php?rest_route=\/wp\/v2\/types\/page"}],"author":[{"embeddable":true,"href":"https:\/\/pioneers-summerfun.de\/index.php?rest_route=\/wp\/v2\/users\/1"}],"replies":[{"embeddable":true,"href":"https:\/\/pioneers-summerfun.de\/index.php?rest_route=%2Fwp%2Fv2%2Fcomments&post=44"}],"version-history":[{"count":21,"href":"https:\/\/pioneers-summerfun.de\/index.php?rest_route=\/wp\/v2\/pages\/44\/revisions"}],"predecessor-version":[{"id":556,"href":"https:\/\/pioneers-summerfun.de\/index.php?rest_route=\/wp\/v2\/pages\/44\/revisions\/556"}],"wp:attachment":[{"href":"https:\/\/pioneers-summerfun.de\/index.php?rest_route=%2Fwp%2Fv2%2Fmedia&parent=44"}],"curies":[{"name":"wp","href":"https:\/\/api.w.org\/{rel}","templated":true}]}}