{"id":464,"date":"2022-07-31T09:08:33","date_gmt":"2022-07-31T09:08:33","guid":{"rendered":"http:\/\/pioneers-summerfun.de\/?page_id=464"},"modified":"2022-07-31T09:09:21","modified_gmt":"2022-07-31T09:09:21","slug":"soest-titan-nics-nach-corona-pause-wieder-vorn","status":"publish","type":"page","link":"https:\/\/pioneers-summerfun.de\/?page_id=464","title":{"rendered":"Soest Titan-Nics nach Corona-Pause wieder vorn"},"content":{"rendered":"<p><strong><span style=\"font-family: verdana, geneva, sans-serif; font-size: 12pt;\">Nach zwei Jahren Corona-Pause konnten die Hevensen Pioneers am zweiten Juli-Wochenende endlich ihr 30. Sommerturnier nachholen. Es war im Vorfeld nicht einfach, ausreichend Teams zu finden. Umso gr\u00f6\u00dfer war die Freude dar\u00fcber, dass wieder 7 G\u00e4steteams den Weg nach Hevensen fanden. Die Soest Titan-Nics konnten sich zum 3. Mal in Folge in die Siegerliste des Hevenser Traditionsturniers eintragen. Die Ostwestfalen setzten sich am Sonntag (17.07.) in einem knappen und spannenden Finale mit 12:11 gegen die Paderborn Funtouchables durch. Die Tita-Nics d\u00fcrfen den Wanderpokal nach drei weiteren Turniersiegen in Folge nun behalten. Den dritten Platz belegten die M\u00fcnster Roadrunners. Die M\u00fcnsterl\u00e4nder gewannen das kleine Finale mit 10:6 gegen die Hevensen Pioneers. \u00a0<\/span><\/strong><\/p>\n<p><a href=\"https:\/\/pioneers-summerfun.de\/wp-content\/uploads\/2022\/07\/Softball_Titanics_SpielerBa.jpg\" rel=\"lightbox[464]\"><img loading=\"lazy\" decoding=\"async\" class=\"aligncenter wp-image-462 size-full\" src=\"https:\/\/pioneers-summerfun.de\/wp-content\/uploads\/2022\/07\/Softball_Titanics_SpielerBa.jpg\" alt=\"\" width=\"900\" height=\"600\" srcset=\"https:\/\/pioneers-summerfun.de\/wp-content\/uploads\/2022\/07\/Softball_Titanics_SpielerBa.jpg 900w, https:\/\/pioneers-summerfun.de\/wp-content\/uploads\/2022\/07\/Softball_Titanics_SpielerBa-600x400.jpg 600w, https:\/\/pioneers-summerfun.de\/wp-content\/uploads\/2022\/07\/Softball_Titanics_SpielerBa-768x512.jpg 768w, https:\/\/pioneers-summerfun.de\/wp-content\/uploads\/2022\/07\/Softball_Titanics_SpielerBa-624x416.jpg 624w\" sizes=\"(max-width: 900px) 100vw, 900px\" \/><\/a><\/p>\n<p><span style=\"font-family: verdana, geneva, sans-serif; font-size: 12pt;\">Acht Mixed Teams aus Niedersachsen und Nordrhein-Westfalen traten zum diesj\u00e4hrigen Softballturnier der Hevensen Pioneers im Karl Hartje Ballpark an. Am Samstag wurde bei windigem aber sonst gutem Wetter die Vorrunde ausgetragen. In insgesamt 12 Partien wurden die Halbfinalteilnehmer ermittelt. Soest und M\u00fcnster gewannen ihre Gruppenspiele souver\u00e4n. Paderborn zog als Gruppenzweiter ins Halbfinale ein. Die Pioneers, mit 1 Sieg und 2 Niederlagen mit Braunschweig und Witten gleichauf, schafften den Sprung in die Runde der letzten vier Dank des besseren Run-Verh\u00e4ltnisses.<\/span><\/p>\n<p><span style=\"font-size: 12pt; font-family: verdana, geneva, sans-serif;\">Bei bestem Wetter ging es Sonntag p\u00fcnktlich um 10:00 Uhr in die Hauptrunde. Im Halbfinale trafen die Pioneers auf den Soest Tita-Nics. Hier waren die Pioneers ohne Chance und unterlagen 0:15. Paderborn hatte im Westfalenduell gegen M\u00fcnster mit 15:9 die Nase vorn. \u00a0<\/span><\/p>\n<p><span style=\"font-size: 12pt; font-family: verdana, geneva, sans-serif;\">Im Endspiel um den Warsteiner Cup standen sich somit die Soest Titan-Nics und die Paderborn Funtouchables gegen\u00fcber. Titelverteidiger Soest war von Beginn an konzentriert. Bereits im ersten Inning gelang den Titelverteidigern eine 5:0 F\u00fchrung. \u00a0Im 2. Abschnitt markierte Paderborn den ersten Run. Im vierten Inning legten sie noch 4 Runs nach. F\u00fcnf beide hie\u00df es nach 4 Innings. Paderborn scorte im letzten Inning einen Run und f\u00fchrte hauchd\u00fcnn mit 11 : 10. Doch die Tita-Nics lie\u00dfen sich nicht lange bitten. Der Siegrun zum 12:11 folgte noch im 5. Inning.<\/span><\/p>\n<p><a href=\"https:\/\/pioneers-summerfun.de\/wp-content\/uploads\/2022\/07\/Softball_Finalisten.jpg\" rel=\"lightbox[464]\"><img loading=\"lazy\" decoding=\"async\" class=\"aligncenter wp-image-465 size-full\" src=\"https:\/\/pioneers-summerfun.de\/wp-content\/uploads\/2022\/07\/Softball_Finalisten.jpg\" alt=\"\" width=\"1000\" height=\"482\" srcset=\"https:\/\/pioneers-summerfun.de\/wp-content\/uploads\/2022\/07\/Softball_Finalisten.jpg 1000w, https:\/\/pioneers-summerfun.de\/wp-content\/uploads\/2022\/07\/Softball_Finalisten-600x289.jpg 600w, https:\/\/pioneers-summerfun.de\/wp-content\/uploads\/2022\/07\/Softball_Finalisten-768x370.jpg 768w, https:\/\/pioneers-summerfun.de\/wp-content\/uploads\/2022\/07\/Softball_Finalisten-624x301.jpg 624w\" sizes=\"(max-width: 1000px) 100vw, 1000px\" \/><\/a><\/p>\n<p><span style=\"font-family: verdana, geneva, sans-serif; font-size: 12pt;\">Direkt im Anschluss fand die Siegerehrung statt. Vorsitzender Torten Henne und BSV-Schatzmeisterin Stephanie Schneider bedankten sich bei den Teams, der eigenen Crew und den zahlreichen Helferinnen und Helfern sowie Sponsoren. Alle Teams bekamen Urkunden und eine Kiste Alster der bekannten Privatbrauerei \u00fcberreicht. Den gro\u00dfen Wanderpokal nahm erneut das Team aus Soest in Empfang. Tita-Nics Frank Morgan bot an, den Pokal nicht zu behalten, sondern aufgrund der Corona-Unterbrechungen im n\u00e4chsten Jahr noch einmal auszuspielen. Somit m\u00fcsse man keinen neuen Pokal anschaffen. Die Pioneers nehmen dieses Angebot dankend an. Somit wird 2023 noch einmal um den \u201eWarsteiner-Cup 3\u201c gespielt.<\/span><\/p>\n<p><span style=\"font-family: verdana, geneva, sans-serif; font-size: 12pt;\">Die Pioneers danken an dieser Stelle den G\u00e4steteams f\u00fcr Ihre Teilnahme. Ein gro\u00dfes Dankesch\u00f6n geht auch an die zahlreichen Helferinnen und Helfer von den Feuerwehren Wolbrechtshausen und Hevensen, Musikverein Wolbrechtshausen und SG Wolbrechtshausen-Hevensen und nat\u00fcrlich an die Mitglieder und Freunde des BSV. Ein besonderes Dankesch\u00f6n an die \u201eFr\u00fchst\u00fcckfrauen &amp;-Mann\u201c f\u00fcr das leckere Fr\u00fchst\u00fccksbuffett an beiden Tagen. Dieses Buffett hat eine lange Tradition und wurde von den G\u00e4steteams regerecht \u201egefeiert\u201c. Und zuletzt gilt der Dank den Sponsoren: Warsteiner-Brauerei, Getr\u00e4nke Heinemann, Fliesenleger Sebastian Wartmann, Kreissparkasse Northeim, Volksbank Kassel-G\u00f6ttingen, Kfz-Service N\u00f6lke &amp; Kuckuck. Danke auch an den Int. Schulbauernhof f\u00fcr die \u201eEier-Spende\u201c.<\/span><\/p>\n","protected":false},"excerpt":{"rendered":"<p>Nach zwei Jahren Corona-Pause konnten die Hevensen Pioneers am zweiten Juli-Wochenende endlich ihr 30. Sommerturnier nachholen. Es war im Vorfeld[&#8230;]<\/p>\n","protected":false},"author":1,"featured_media":0,"parent":0,"menu_order":0,"comment_status":"closed","ping_status":"closed","template":"","meta":{"footnotes":""},"class_list":["post-464","page","type-page","status-publish","hentry"],"_links":{"self":[{"href":"https:\/\/pioneers-summerfun.de\/index.php?rest_route=\/wp\/v2\/pages\/464"}],"collection":[{"href":"https:\/\/pioneers-summerfun.de\/index.php?rest_route=\/wp\/v2\/pages"}],"about":[{"href":"https:\/\/pioneers-summerfun.de\/index.php?rest_route=\/wp\/v2\/types\/page"}],"author":[{"embeddable":true,"href":"https:\/\/pioneers-summerfun.de\/index.php?rest_route=\/wp\/v2\/users\/1"}],"replies":[{"embeddable":true,"href":"https:\/\/pioneers-summerfun.de\/index.php?rest_route=%2Fwp%2Fv2%2Fcomments&post=464"}],"version-history":[{"count":3,"href":"https:\/\/pioneers-summerfun.de\/index.php?rest_route=\/wp\/v2\/pages\/464\/revisions"}],"predecessor-version":[{"id":468,"href":"https:\/\/pioneers-summerfun.de\/index.php?rest_route=\/wp\/v2\/pages\/464\/revisions\/468"}],"wp:attachment":[{"href":"https:\/\/pioneers-summerfun.de\/index.php?rest_route=%2Fwp%2Fv2%2Fmedia&parent=464"}],"curies":[{"name":"wp","href":"https:\/\/api.w.org\/{rel}","templated":true}]}}