{"id":575,"date":"2024-08-15T09:18:32","date_gmt":"2024-08-15T09:18:32","guid":{"rendered":"https:\/\/pioneers-summerfun.de\/?page_id=575"},"modified":"2024-08-15T09:23:34","modified_gmt":"2024-08-15T09:23:34","slug":"aachen-gewinnt-warsteiner-cup","status":"publish","type":"page","link":"https:\/\/pioneers-summerfun.de\/?page_id=575","title":{"rendered":"Aachen gewinnt Warsteiner Cup"},"content":{"rendered":"<p><a href=\"https:\/\/pioneers-summerfun.de\/wp-content\/uploads\/2024\/08\/Foto_Finale.jpg\" rel=\"lightbox[575]\"><img loading=\"lazy\" decoding=\"async\" class=\"aligncenter wp-image-579 size-post-thumbnail\" src=\"https:\/\/pioneers-summerfun.de\/wp-content\/uploads\/2024\/08\/Foto_Finale-840x560.jpg\" alt=\"\" width=\"840\" height=\"560\" srcset=\"https:\/\/pioneers-summerfun.de\/wp-content\/uploads\/2024\/08\/Foto_Finale-840x560.jpg 840w, https:\/\/pioneers-summerfun.de\/wp-content\/uploads\/2024\/08\/Foto_Finale-120x80.jpg 120w, https:\/\/pioneers-summerfun.de\/wp-content\/uploads\/2024\/08\/Foto_Finale-360x240.jpg 360w, https:\/\/pioneers-summerfun.de\/wp-content\/uploads\/2024\/08\/Foto_Finale-600x400.jpg 600w\" sizes=\"(max-width: 840px) 100vw, 840px\" \/><\/a><\/p>\n<p><span style=\"font-family: verdana, geneva, sans-serif; font-size: 12pt;\">10 Mixed Teams traten zum diesj\u00e4hrigen Softballturnier der Hevensen Pioneers im Karl Hartje Ballpark an. Am Samstag wurde bei nahezu besten Wetterbedingungen die Vorrunde ausgetragen. In insgesamt 20 Partien wurden die Halbfinalteilnehmer ermittelt. Die beiden sp\u00e4teren Finalisten gewannen ihre Gruppespiele souver\u00e4n. Aachen setzte die Ma\u00dfst\u00e4be und marschiere schadlos ins Halbfinale. Werl, Hamburg und Darmstadt\/Frankfurt sicherten sich mit 3-1 bzw. 2:1 Siegen die Teilnahme am Halbfinale.<\/span><\/p>\n<p><span style=\"font-family: verdana, geneva, sans-serif; font-size: 12pt;\">Die Halbfinalspiele standen sich somit Aachen und Darmstadt-Frankfurt und Hamburg und Werl gegen\u00fcber. Auch die beiden Semfinalspiele verliefen spannend und endeten denkbar knapp. Aachen setzte sich mit 8:7 gegen die Hessen durch. Die Knights aus Hamburg unterlagen den Werler W\u00f6lfen ebenfalls knapp mit 2:3<\/span><\/p>\n<p><span style=\"font-family: verdana, geneva, sans-serif; font-size: 12pt;\">Im Spiel um Platz 9 unterlagen die Gastgeber mit 3:9 gegen Witten. \u00a0Im Spiel um Platz 7 gewannen die G\u00f6ttingen Allstars mit 10:5 gegen die Paderborn Old Bones. In der Partie um Platz 5 setzten sich das junge Team aus Soest mit 3:0 gegen die Siegen Pirates durch. \u00a0Spannend verlief das \u201eKleine Finale\u201c, in dem sich die Teams aus Darmstadt-Frankfurt und Hamburg gegen\u00fcberstanden. Nach einem spannenden Verlauf behielten die Knights aus Hamburg knapp mit 8:7 die Oberhand.<\/span><\/p>\n<p><span style=\"font-family: verdana, geneva, sans-serif; font-size: 12pt;\">Im Endspiel um den Warsteiner Cup traf Turnierprimus Aachen auf die W\u00f6lfe aus Werl. Nach einer 3:0 F\u00fchrung der Aixplosives sah anfangs alles nach einem klaren Erfolg der Aachener aus. Doch die W\u00f6lfe bissen, legten nach und konnten in den Innings 4 und 5 drei Uml\u00e4ufe erzielen. 3:3 der Spielstand. Aachen hatte dann den einen L\u00e4ufer aus 2. Base und somit die sog. \u201eScoring Position\u201c. Den \u201eWining Run\u201c konnte Joshua Spautz nach einem Basehit von Max K\u00f6nig denkbar knapp \u00fcber die Homebase bringen. Knapper und spannender kann ein Spiel kaum enden. Gl\u00fcckwunsch an beide Teams, die f\u00fcr ein jederzeit sehenswerte Finale sorgten. \u00a0<\/span><\/p>\n<p><span style=\"font-family: verdana, geneva, sans-serif; font-size: 12pt;\">Direkt im Anschluss fand die Siegerehrung statt. Vorsitzender Torten Henne bedankte sich bei den Teams, den Schiedsrichtern, der eigenen Crew und den zahlreichen Helferinnen und Helfern sowie bei den Sponsoren. Alle Teams bekamen Urkunden und eine Kiste Alster der bekannten Privatbrauerei \u00fcberreicht. Den Warsteiner-Cup nahm unter gro\u00dfem Beifall der Teams die Aachen Aixplosives entgegen. Zuvor \u00fcbergaben die Werler W\u00f6lfe den von ihnen kreierten Partypokal an das Team aus Darmstadt und Frankfurt.<\/span><\/p>\n<p><a href=\"https:\/\/pioneers-summerfun.de\/wp-content\/uploads\/2024\/08\/Sieger.jpg\" rel=\"lightbox[575]\"><img loading=\"lazy\" decoding=\"async\" class=\"aligncenter wp-image-577 size-post-thumbnail\" src=\"https:\/\/pioneers-summerfun.de\/wp-content\/uploads\/2024\/08\/Sieger-840x560.jpg\" alt=\"\" width=\"840\" height=\"560\" srcset=\"https:\/\/pioneers-summerfun.de\/wp-content\/uploads\/2024\/08\/Sieger-840x560.jpg 840w, https:\/\/pioneers-summerfun.de\/wp-content\/uploads\/2024\/08\/Sieger-120x80.jpg 120w, https:\/\/pioneers-summerfun.de\/wp-content\/uploads\/2024\/08\/Sieger-360x240.jpg 360w, https:\/\/pioneers-summerfun.de\/wp-content\/uploads\/2024\/08\/Sieger-600x400.jpg 600w\" sizes=\"(max-width: 840px) 100vw, 840px\" \/><\/a><\/p>\n<p><span style=\"font-family: verdana, geneva, sans-serif; font-size: 12pt;\">Unterm Strich d\u00fcrfen die Pioneers als Veranstalter wieder auf ein gelungenes Turnier zur\u00fcckblicken. Knapp \u00fcber 130 Spielerinnen und Spieler aus ganz Deutschland waren an diesem Wochenende auf den beiden Spielfeldern im Karl Hartje Ballpark aktiv dabei. Es gab wieder einmal viel Lob von den G\u00e4steteams. Selbst die z. T. heftigen Regenf\u00e4lle am Sonntagvormittag hielt die Teams nicht auf. Es konnten alle 29 angesetzten Partien gespielt werden.<\/span><\/p>\n<ol>\n<li>Aachen Aixplosives<\/li>\n<li>Werler W\u00f6lfe<\/li>\n<li>Hamburg Knights<\/li>\n<li>Darmstadt-Frankfurt \u201eDarmfut\u201c Whipplers<\/li>\n<li>Soest Tita-Nics<\/li>\n<li>Siegen Pirates<\/li>\n<li>G\u00f6ttingen Alltars<\/li>\n<li>Paderborn Old Bones<\/li>\n<li>Kaka Lakers Witten<\/li>\n<li>Hevensen Pioneers<\/li>\n<\/ol>\n<p><span style=\"font-family: verdana, geneva, sans-serif; font-size: 12pt;\">Die Pioneers bedanken sich hier f\u00fcr die starke Unterst\u00fctzung Danke an:<\/span><\/p>\n<ul>\n<li><span style=\"font-family: verdana, geneva, sans-serif; font-size: 12pt;\">Feuerwehr Wolbrechtshausen<\/span><\/li>\n<li><span style=\"font-family: verdana, geneva, sans-serif; font-size: 12pt;\">Feuerwehr Hevensen<\/span><\/li>\n<li><span style=\"font-family: verdana, geneva, sans-serif; font-size: 12pt;\">Musikverein Wolbrechtshausen<\/span><\/li>\n<li><span style=\"font-family: verdana, geneva, sans-serif; font-size: 12pt;\">SG Wolbrechtshausen-Hevensen<\/span><\/li>\n<li><span style=\"font-family: verdana, geneva, sans-serif; font-size: 12pt;\">Mitglieder und Freunde der Pioneers<\/span><\/li>\n<li><span style=\"font-family: verdana, geneva, sans-serif; font-size: 12pt;\">die Fr\u00fchst\u00fccksfrauen &#8211; ganz stark<\/span><\/li>\n<li><span style=\"font-family: verdana, geneva, sans-serif; font-size: 12pt;\">alle Sponsoren und Spender<\/span><\/li>\n<li><span style=\"font-family: verdana, geneva, sans-serif; font-size: 12pt;\">Roland Schrader<\/span><\/li>\n<\/ul>\n","protected":false},"excerpt":{"rendered":"<p>10 Mixed Teams traten zum diesj\u00e4hrigen Softballturnier der Hevensen Pioneers im Karl Hartje Ballpark an. Am Samstag wurde bei nahezu[&#8230;]<\/p>\n","protected":false},"author":1,"featured_media":0,"parent":0,"menu_order":0,"comment_status":"closed","ping_status":"closed","template":"","meta":{"footnotes":""},"class_list":["post-575","page","type-page","status-publish","hentry"],"_links":{"self":[{"href":"https:\/\/pioneers-summerfun.de\/index.php?rest_route=\/wp\/v2\/pages\/575"}],"collection":[{"href":"https:\/\/pioneers-summerfun.de\/index.php?rest_route=\/wp\/v2\/pages"}],"about":[{"href":"https:\/\/pioneers-summerfun.de\/index.php?rest_route=\/wp\/v2\/types\/page"}],"author":[{"embeddable":true,"href":"https:\/\/pioneers-summerfun.de\/index.php?rest_route=\/wp\/v2\/users\/1"}],"replies":[{"embeddable":true,"href":"https:\/\/pioneers-summerfun.de\/index.php?rest_route=%2Fwp%2Fv2%2Fcomments&post=575"}],"version-history":[{"count":3,"href":"https:\/\/pioneers-summerfun.de\/index.php?rest_route=\/wp\/v2\/pages\/575\/revisions"}],"predecessor-version":[{"id":578,"href":"https:\/\/pioneers-summerfun.de\/index.php?rest_route=\/wp\/v2\/pages\/575\/revisions\/578"}],"wp:attachment":[{"href":"https:\/\/pioneers-summerfun.de\/index.php?rest_route=%2Fwp%2Fv2%2Fmedia&parent=575"}],"curies":[{"name":"wp","href":"https:\/\/api.w.org\/{rel}","templated":true}]}}