{"id":76,"date":"2015-04-05T18:27:38","date_gmt":"2015-04-05T18:27:38","guid":{"rendered":"http:\/\/pioneers-summerfun.de\/?page_id=76"},"modified":"2024-08-15T09:25:54","modified_gmt":"2024-08-15T09:25:54","slug":"summerfun-2105","status":"publish","type":"page","link":"https:\/\/pioneers-summerfun.de\/","title":{"rendered":""},"content":{"rendered":"<pre><span style=\"font-family: impact, sans-serif; font-size: 18pt;\">Herzlich Willkommen! Diese Seite informiert \u00fcber unser j\u00e4hrlich <br \/>stattfindendes Mixed Softballturnier. Ein Turnier mit gro\u00dfer Tradition.<\/span><\/pre>\r\n<p><span style=\"font-size: 14pt;\"><strong><span style=\"font-family: verdana, geneva, sans-serif;\">Aachen gewinnt Wartseiner-Cup<\/span>\u00a0<\/strong><\/span><\/p>\r\n<p><span style=\"font-family: verdana, geneva, sans-serif; font-size: 12pt;\">Die Aachen Aixplosives gewannen am vergangenen Wochenende erstmals das Mixed Softball Turnier der Hevensen Pioneers. Die Aixplosives setzten sich am Sonntag in einem spannenden und dramatischen Finale am Ende mit 4:3 knapp gegen die Werler W\u00f6lfe durch. Den dritten Platz belegten die Hamburg Knights. Die Hansest\u00e4dter gewannen das &#8222;kleine Finale&#8220; ebenfalls knapp mit 8:7 gegen das Team aus Darmstadt und Frankfurt. <a href=\"https:\/\/pioneers-summerfun.de\/?page_id=575\">Bericht lesen..\u00a0<\/a><\/span><\/p>\r\n<p><strong><span style=\"font-family: verdana, geneva, sans-serif; font-size: 14pt;\">2024: 10 Teams in diesem Jahr<\/span><\/strong><strong><span style=\"font-family: verdana, geneva, sans-serif; font-size: 14pt;\"> &#8211; Aachen und Hamburg neu dabei!<\/span><\/strong><\/p>\r\n<p><a href=\"https:\/\/pioneers-summerfun.de\/wp-content\/uploads\/2017\/07\/IMG_0012.jpg\" rel=\"lightbox[76]\"><img loading=\"lazy\" decoding=\"async\" class=\"aligncenter wp-image-285\" src=\"https:\/\/pioneers-summerfun.de\/wp-content\/uploads\/2017\/07\/IMG_0012.jpg\" alt=\"\" width=\"900\" height=\"630\" srcset=\"https:\/\/pioneers-summerfun.de\/wp-content\/uploads\/2017\/07\/IMG_0012.jpg 1000w, https:\/\/pioneers-summerfun.de\/wp-content\/uploads\/2017\/07\/IMG_0012-600x420.jpg 600w, https:\/\/pioneers-summerfun.de\/wp-content\/uploads\/2017\/07\/IMG_0012-768x538.jpg 768w, https:\/\/pioneers-summerfun.de\/wp-content\/uploads\/2017\/07\/IMG_0012-624x437.jpg 624w\" sizes=\"(max-width: 900px) 100vw, 900px\" \/><\/a><\/p>\r\n<p><span style=\"font-family: verdana, geneva, sans-serif; font-size: 12pt;\">Am 03.07. um 10:00<\/span><span style=\"font-family: verdana, geneva, sans-serif; font-size: 12pt;\"> Uhr beginnen die Spiele um den Warsteiner-Cup. Am Abend zuvor werden erst einmal die &#8222;Quartiere&#8220; bezogen. Nat\u00fcrlich geh\u00f6rt da auch das &#8222;Begr\u00fc\u00dfungs-Bierchen&#8220; dazu. Im Mittelpunkt des Abends sollen &#8222;Robert&#8217;s Spiele&#8220; stehen. Sehr wichtig, wenn man den Partypokal gewinnen m\u00f6chte. Das Teilnehmerfeld umfasst in diesem Jahr 10 Teams. Neben den bekannten G\u00e4sten aus Soest, Paderborn, Witten, Werl, Darmstadt, Frankfurt und G\u00f6ttingen sind erstmals die Aachen Aixplosives und Hamburg Knights dabei. HERZLICH WILLKOMMEN ALLEN TEAMS: Hier finden Teams und G\u00e4ste alle Infos zum Turnier.\u00a0<\/span><\/p>\r\n<p><span style=\"font-family: verdana, geneva, sans-serif; font-size: 14pt;\">2022: <strong>Soest Titan-Nics nach Corona-Pause wieder vorn<\/strong><\/span><\/p>\r\n<p><a href=\"https:\/\/pioneers-summerfun.de\/wp-content\/uploads\/2022\/07\/Softball_Titanics_SpielerBa.jpg\" rel=\"lightbox[76]\"><img loading=\"lazy\" decoding=\"async\" class=\"aligncenter wp-image-462 size-full\" src=\"https:\/\/pioneers-summerfun.de\/wp-content\/uploads\/2022\/07\/Softball_Titanics_SpielerBa.jpg\" alt=\"\" width=\"900\" height=\"600\" srcset=\"https:\/\/pioneers-summerfun.de\/wp-content\/uploads\/2022\/07\/Softball_Titanics_SpielerBa.jpg 900w, https:\/\/pioneers-summerfun.de\/wp-content\/uploads\/2022\/07\/Softball_Titanics_SpielerBa-600x400.jpg 600w, https:\/\/pioneers-summerfun.de\/wp-content\/uploads\/2022\/07\/Softball_Titanics_SpielerBa-768x512.jpg 768w, https:\/\/pioneers-summerfun.de\/wp-content\/uploads\/2022\/07\/Softball_Titanics_SpielerBa-624x416.jpg 624w\" sizes=\"(max-width: 900px) 100vw, 900px\" \/><\/a><\/p>\r\n<p><span style=\"font-family: verdana, geneva, sans-serif; font-size: 12pt;\">Nach zwei Jahren Corona-Pause konnten die Hevensen Pioneers am zweiten Juli-Wochenende endlich ihr 30. Sommerturnier nachholen. Es war im Vorfeld nicht einfach, ausreichend Teams zu finden. Umso gr\u00f6\u00dfer war die Freude dar\u00fcber, dass wieder 7 G\u00e4steteams den Weg nach Hevensen fanden. Die Soest Titan-Nics konnten sich zum 3. Mal in Folge in die Siegerliste des Hevenser Traditionsturniers eintragen. Die Ostwestfalen setzten sich am Sonntag (17.07.) in einem knappen und spannenden Finale mit 12:11 gegen die Paderborn Funtouchables durch. Die Tita-Nics d\u00fcrfen den Wanderpokal nach drei weiteren Turniersiegen in Folge nun behalten. Den dritten Platz belegten die M\u00fcnster Roadrunners. Die M\u00fcnsterl\u00e4nder gewannen das kleine Finale mit 10:6 gegen die Hevensen Pioneers. <\/span>\u00a0<a href=\"https:\/\/pioneers-summerfun.de\/?page_id=464\"><span style=\"font-size: 12pt; font-family: verdana, geneva, sans-serif;\">Den ganzen Bericht lesen..\u00a0<\/span><\/a><\/p>\r\n<p><span style=\"font-family: verdana, geneva, sans-serif; font-size: 14pt;\">2019:<\/span><strong style=\"color: #444444; font-size: 14px;\"><span style=\"font-family: verdana, geneva, sans-serif; font-size: 14pt;\"> Tita-Nics nicht zu stoppen!<\/span><\/strong><\/p>\r\n<p><a href=\"https:\/\/pioneers-summerfun.de\/wp-content\/uploads\/2022\/07\/Summerfun-2019-Bild-02-1.jpg\" rel=\"lightbox[76]\"><img loading=\"lazy\" decoding=\"async\" class=\"aligncenter wp-image-452 size-full\" src=\"https:\/\/pioneers-summerfun.de\/wp-content\/uploads\/2022\/07\/Summerfun-2019-Bild-02-1.jpg\" alt=\"\" width=\"900\" height=\"600\" srcset=\"https:\/\/pioneers-summerfun.de\/wp-content\/uploads\/2022\/07\/Summerfun-2019-Bild-02-1.jpg 900w, https:\/\/pioneers-summerfun.de\/wp-content\/uploads\/2022\/07\/Summerfun-2019-Bild-02-1-600x400.jpg 600w, https:\/\/pioneers-summerfun.de\/wp-content\/uploads\/2022\/07\/Summerfun-2019-Bild-02-1-768x512.jpg 768w, https:\/\/pioneers-summerfun.de\/wp-content\/uploads\/2022\/07\/Summerfun-2019-Bild-02-1-624x416.jpg 624w\" sizes=\"(max-width: 900px) 100vw, 900px\" \/><\/a><\/p>\r\n<p><span style=\"font-family: verdana, geneva, sans-serif; font-size: 16px;\">Die Soest Titan-Nics gewannen am Wochenende (19.07. &#8211; 21.07) zum 5. Mal in Folge das Mixed Softball Turnier der Hevensen Pioneers. Die Ostwestfalen setzten sich am Sonntag in einem jederzeit spannenden und hochklassigen Finale mit 4:3 gegen\u00a0 Lufthansa Frankfurt durch. Den dritten Platz belegte das &#8222;Team Chaos&#8220; aus der Schweiz. Die &#8222;Eidgenossen&#8220; gewannen das &#8222;kleine Finale&#8220; mit 11:6 gegen die Paderborn Funtouchables.\u00a0<\/span><a style=\"font-family: verdana, geneva, sans-serif; font-size: 16px;\" href=\"https:\/\/pioneers-summerfun.de\/?page_id=442\">Weiter lesen..<\/a><\/p>\r\n<p><span style=\"font-size: 14pt;\">2018:<\/span><strong style=\"font-family: verdana, geneva, sans-serif; font-size: 1rem;\"><span style=\"font-size: 14pt;\"> Tita-Nics bei\u00dfen den n\u00e4chsten Cup an &#8211; <\/span><\/strong><span style=\"font-family: verdana, geneva, sans-serif;\"><strong><span style=\"font-size: 14pt;\">4:0 im Finale gegen Frankfurt\u00a0<\/span><\/strong><\/span><\/p>\r\n<p><a href=\"https:\/\/pioneers-summerfun.de\/wp-content\/uploads\/2022\/07\/Finale-2019-5.jpg\" rel=\"lightbox[76]\"><img loading=\"lazy\" decoding=\"async\" class=\"aligncenter wp-image-443 size-full\" src=\"https:\/\/pioneers-summerfun.de\/wp-content\/uploads\/2022\/07\/Finale-2019-5.jpg\" alt=\"\" width=\"900\" height=\"600\" srcset=\"https:\/\/pioneers-summerfun.de\/wp-content\/uploads\/2022\/07\/Finale-2019-5.jpg 900w, https:\/\/pioneers-summerfun.de\/wp-content\/uploads\/2022\/07\/Finale-2019-5-600x400.jpg 600w, https:\/\/pioneers-summerfun.de\/wp-content\/uploads\/2022\/07\/Finale-2019-5-768x512.jpg 768w, https:\/\/pioneers-summerfun.de\/wp-content\/uploads\/2022\/07\/Finale-2019-5-624x416.jpg 624w\" sizes=\"(max-width: 900px) 100vw, 900px\" \/><\/a><\/p>\r\n<p><span style=\"font-family: verdana, geneva, sans-serif; font-size: 12pt;\">Die Soest Tita-Nics gewannen am vorletzten Wochenende zum 4. Mal das Mixed Softball Turnier der Hevensen Pioneers. Wie schon im Jahr zuvor\u00a0 trafen die Ostwestfalen im Finale auf die LSG Lufthansa Frankfurt. Soest gewannen dank der besseren Schlagleistung mit 4:0. Den dritten Platz belegten die Samacols aus Kerkrade. Die Niederl\u00e4nder setzten sich im &#8222;Kleinen Finale&#8220; glatt mit 7:1 gegen die M\u00fcnster Roadrunners durch.<a href=\"https:\/\/pioneers-summerfun.de\/?page_id=374\"> Weiter lesen..\u00a0<\/a><\/span><\/p>\r\n<p><strong style=\"color: #444444; font-size: 18.6667px;\"><span style=\"font-family: verdana, geneva, sans-serif;\">Moment mal! Wer waren die Sieger?<\/span><\/strong>\u00a0<\/p>\r\n<p><span style=\"font-family: verdana, geneva, sans-serif; font-size: 16px;\">Wie oben zu lesen ist hat das &#8222;Hevensen Turnier&#8220; eine lange Tradition. Seit 2006 als Mixed Softball Turnier. Wer waren eigentlich seither die Sieger? Bis jetzt nahmen knapp 20 verschiedene Teams an unserem Turnier teil. Nur vier davon konnten sich in den vergangenen 12 Jahren in die Siegerliste eintragen. F\u00fcnft Mal konnte sich bisher die LSG Frankfurt durchsetzen. Wenn das keine Motivation f\u00fcr alle Teams ist? Zu den Siegern geht&#8217;s\u00a0<\/span><a style=\"font-family: verdana, geneva, sans-serif; font-size: 16px;\" href=\"https:\/\/pioneers-summerfun.de\/?page_id=347\">hier..\u00a0<\/a><\/p>\r\n\r\n<p>&nbsp;<\/p>\r\n","protected":false},"excerpt":{"rendered":"<p>Herzlich Willkommen! Diese Seite informiert \u00fcber unser j\u00e4hrlich stattfindendes Mixed Softballturnier. Ein Turnier mit gro\u00dfer Tradition. Aachen gewinnt Wartseiner-Cup\u00a0 Die[&#8230;]<\/p>\n","protected":false},"author":1,"featured_media":0,"parent":0,"menu_order":0,"comment_status":"closed","ping_status":"closed","template":"","meta":{"footnotes":""},"class_list":["post-76","page","type-page","status-publish","hentry"],"_links":{"self":[{"href":"https:\/\/pioneers-summerfun.de\/index.php?rest_route=\/wp\/v2\/pages\/76"}],"collection":[{"href":"https:\/\/pioneers-summerfun.de\/index.php?rest_route=\/wp\/v2\/pages"}],"about":[{"href":"https:\/\/pioneers-summerfun.de\/index.php?rest_route=\/wp\/v2\/types\/page"}],"author":[{"embeddable":true,"href":"https:\/\/pioneers-summerfun.de\/index.php?rest_route=\/wp\/v2\/users\/1"}],"replies":[{"embeddable":true,"href":"https:\/\/pioneers-summerfun.de\/index.php?rest_route=%2Fwp%2Fv2%2Fcomments&post=76"}],"version-history":[{"count":71,"href":"https:\/\/pioneers-summerfun.de\/index.php?rest_route=\/wp\/v2\/pages\/76\/revisions"}],"predecessor-version":[{"id":583,"href":"https:\/\/pioneers-summerfun.de\/index.php?rest_route=\/wp\/v2\/pages\/76\/revisions\/583"}],"wp:attachment":[{"href":"https:\/\/pioneers-summerfun.de\/index.php?rest_route=%2Fwp%2Fv2%2Fmedia&parent=76"}],"curies":[{"name":"wp","href":"https:\/\/api.w.org\/{rel}","templated":true}]}}